{"id":115,"date":"2015-02-14T10:51:37","date_gmt":"2015-02-14T09:51:37","guid":{"rendered":"http:\/\/news.meldestelle.de\/?page_id=115"},"modified":"2026-01-26T11:40:22","modified_gmt":"2026-01-26T10:40:22","slug":"impressum","status":"publish","type":"page","link":"https:\/\/news.meldestelle.de\/?page_id=115","title":{"rendered":"Impressum \/ Datenschutz"},"content":{"rendered":"<p>TurnierService<br \/>\nThomas T\u00f6pfer<\/p>\n<p>Schulplatz 1<br \/>\n50170 Kerpen<\/p>\n<p>@-Mail: tt@turnierservice.de<br \/>\nTelefon 02275-2490133<\/p>\n<p>Disclaimer:<\/p>\n<p>Copyright 2026. Alle Rechte vorbehalten.<\/p>\n<h6>Alle Texte, Bilder, Graphiken, Ton-, Video- und Animationsdateien sowie ihre Arrangements unterliegen dem Urheberrecht und anderen Gesetzen zum Schutz geistigen Eigentums. Sie d\u00fcrfen weder f\u00fcr Handelszwecke oder zur Weitergabe kopiert, noch ver\u00e4ndert und auf anderen Web-Sites verwendet werden. Einige Seiten enthalten auch Bilder, die dem Urheberrecht derjenigen unterliegen, die diese zur Verf\u00fcgung gestellt haben.<\/h6>\n<h6>Des weiteren distanzieren sich die Betreiber der Webseite ausdr\u00fccklich von allen Inhalten anderer Webseiten, auf welche von diesen Seiten aus verlinkt wird, da sie keine Einflussnahme auf deren Gestaltung und Inhalte nehmen k\u00f6nnen (gem. Urteil vom 12. Mai 1998 &#8211; 312 O 85\/98 Landgericht Hamburg).<\/h6>\n<p><strong>Datenschutzerkl\u00e4rung<\/strong><\/p>\n<p>1. Verantwortlicher f\u00fcr die Verarbeitung der Daten ist Thomas T\u00f6pfer \u2013 Schulplatz 1 \u2013 50170 Kerpen \u2013 Tel.: +49 (0)2275 2490133 \u2013 E-Mail.: info@meldestelle.de<br \/>\n2. Ich erhebe und speichere personenbezogene Daten und verwende sie wie folgt:<br \/>\nBeim Aufrufen meiner Website werden durch den auf Ihrem Endger\u00e4t zum Einsatz kommenden Browser automatisch Informationen an den Server meiner Website gesendet. Diese Informationen werden tempor\u00e4r in einem so genannten Logfile gespeichert. Folgende Informationen werden dabei ohne Ihr Zutun erfasst und bis zur automatisierten L\u00f6schung gespeichert:<br \/>\n\u2022 Der Name der abgerufenen Datei<br \/>\n\u2022 Das Datum und die Uhrzeit des Abrufs<br \/>\n\u2022 Die \u00fcbertragene Datenmenge<br \/>\n\u2022 Eine Meldung, ob der Abruf erfolgreich war<br \/>\n\u2022 Eine Beschreibung des Typs des verwendeten Webbrowsers und des verwendeten Betriebssystems<br \/>\n\u2022 Die zuvor besuchte Seite<br \/>\n\u2022 Der Internet-Provider<br \/>\n\u2022 Ihre IP-Adresse<br \/>\nDie genannten Daten werden zu folgenden Zwecken verarbeitet:<br \/>\n\u2022 Zur Gew\u00e4hrleistung eines reibungslosen Verbindungsaufbaus der Website,<br \/>\n\u2022 zur Gew\u00e4hrleistung einer komfortablen Nutzung der Website,<br \/>\n\u2022 zur Auswertung der Systemsicherheit und -stabilit\u00e4t sowie<br \/>\n\u2022 zu weiteren administrativen Zwecken.<\/p>\n<p>Bei Nutzung des Kontaktformulars<br \/>\nBei Fragen jeglicher Art biete ich Ihnen die M\u00f6glichkeit, mit mir \u00fcber ein auf der Website bereitgestelltes Formular Kontakt aufzunehmen. Dabei ist die Angabe einer g\u00fcltigen Email-Adresse erforderlich, damit ich wei\u00df, von wem die Anfrage stammt und um diese beantworten zu k\u00f6nnen. Weitere Angaben k\u00f6nnen freiwillig get\u00e4tigt werden.<br \/>\nDie Datenverarbeitung zum Zwecke der Kontaktaufnahme mit mir erfolgt nach Art. 6 Abs. 1 lit. a) DSGVO auf Grundlage Ihrer freiwillig erteilten Einwilligung.<br \/>\nDie f\u00fcr die Benutzung des Kontaktformulars von mir erhobenen personenbezogenen Daten werden nach Erledigung der von Ihnen gestellten Anfrage automatisch gel\u00f6scht.<\/p>\n<p>Die Rechtsgrundlage f\u00fcr die Datenverarbeitung ist Art. 6 Abs. 1 lit. f) DSGVO. Das berechtigte Interesse folgt aus oben aufgelisteten Zwecken zur Datenerhebung. In keinem Fall verwende ich die erhobenen Daten zu dem Zweck, R\u00fcckschl\u00fcsse auf Ihre Person zu ziehen.<br \/>\nDar\u00fcber hinaus setze ich auf meiner Website Cookies und Analysedienste ein. N\u00e4here Erl\u00e4uterungen dazu erhalten Sie unter den Ziffern 4 und 5 dieser Datenschutzerkl\u00e4rung.<\/p>\n<p>3. Weitergabe von Daten<br \/>\nEine Weitergabe Ihrer pers\u00f6nlichen Daten an Dritte zu anderen als den im Folgenden aufgef\u00fchrten Zwecken findet nicht statt.<br \/>\nIch gebe Ihre pers\u00f6nlichen Daten nur an Dritte weiter, wenn:<br \/>\n\u2022 Sie Ihre ausdr\u00fcckliche Einwilligung nach Art. 6 Abs. 1 lit. a) DSGVO dazu erteilt haben,<br \/>\n\u2022 die Weitergabe nach Art. 6 Abs. 1 lit. f) DSGVO erforderlich ist und kein Grund zur Annahme besteht, dass Sie ein \u00fcberwiegendes schutzw\u00fcrdiges Interesse an der Nichtweitergabe Ihrer Daten haben,<br \/>\n\u2022 f\u00fcr den Fall, dass f\u00fcr die Weitergabe nach Art. 6 Abs. 1 lit. c) DSGVO eine gesetzliche Verpflichtung besteht, sowie<br \/>\n\u2022 dies gesetzlich zul\u00e4ssig und nach Art. 6 Abs. 1 lit. b) DSGVO f\u00fcr die Abwicklung von Vertragsverh\u00e4ltnissen mit Ihnen erforderlich ist.<\/p>\n<p>4. Cookies<br \/>\nIch setze in einigen Bereichen meiner Website sogenannte Cookies ein. Durch solche Dateielemente kann Ihr Computer als technische Einheit w\u00e4hrend Ihres Besuchs auf dieser Webseite identifiziert werden, um Ihnen die Verwendung des Angebotes \u2013 auch bei Wiederholungsbesuchen \u2013 zu erleichtern. Sie haben aber in der Regel die M\u00f6glichkeit, Ihren Internetbrowser so einzustellen, dass Sie \u00fcber das Auftreten von Cookies informiert werden, so dass Sie diese zulassen oder ausschlie\u00dfen beziehungsweise bereits vorhandene Cookies l\u00f6schen k\u00f6nnen. Bitte verwenden Sie die Hilfefunktion Ihres Internetbrowsers, um Informationen zu der \u00c4nderung dieser Einstellungen zu erlangen. Ich weise darauf hin, dass einzelne Funktionen meiner Website m\u00f6glicherweise nicht funktionieren, wenn Sie die Verwendung von Cookies deaktiviert haben.<br \/>\nDer Einsatz von Cookies wird auf Art. 6 Abs. 1 lit. f) DSGVO gest\u00fctzt: Die Verarbeitung erfolgt zur Verbesserung der Funktionsweise meiner Website. Sie ist daher zur Wahrung meiner berechtigten Interessen erforderlich.<br \/>\nCookies erlauben nicht, dass ein Server private Daten von Ihrem Computer oder die von einem anderen Server abgelegten Daten lesen kann. Sie richten auf Ihrem Rechner keinen Schaden an und enthalten keine Viren.<\/p>\n<p>5. Verwendung von Google Analytics<br \/>\nIch benutze Google Analytics, einen Webanalysedienst der Google Inc., 1600 Amphitheatre Parkway, Mountain View, CA 94043, USA. Google Analytics verwendet sog. \u201eCookies\u201c, Textdateien, die auf Ihrem Computer gespeichert werden und die eine Analyse der Benutzung der Webseite durch sie erm\u00f6glichen. Die durch den Cookie erzeugten Informationen \u00fcber Ihre Benutzung dieser Webseite werden in der Regel an einen Server von Google in den USA \u00fcbertragen und dort gespeichert. Im Falle der Aktivierung der IP-Anonymisierung auf dieser Website wird Ihre IP-Adresse von Google jedoch innerhalb von Mitgliedstaaten der Europ\u00e4ischen Union oder in anderen Vertragsstaaten des Abkommens \u00fcber den Europ\u00e4ischen Wirtschaftsraum zuvor gek\u00fcrzt. Nur in Ausnahmef\u00e4llen wird die volle IP-Adresse an einen Server von Google in den USA \u00fcbertragen und dort gek\u00fcrzt. In meinem Auftrag wird Google diese Informationen benutzen, um Ihre Nutzung der Website auszuwerten, um Reports \u00fcber die Websitaktivit\u00e4ten zusammenzustellen und um weitere mit der Websitenutzung und der Internetnutzung verbundene Dienstleistungen mir gegen\u00fcber zu erbringen. Die im Rahmen von Google Analytics von Ihrem Browser \u00fcbermittelte IP-Adresse wird nicht mit anderen Daten von Google zusammengef\u00fchrt. Sie k\u00f6nnen die Speicherung der Cookies durch eine entsprechende Einstellung Ihrer Browser-Software verhindern; ich weise jedoch darauf hin, dass Sie in diesem Fall gegebenenfalls nicht s\u00e4mtliche Funktionen dieser Webseite vollumf\u00e4nglich werden nutzen k\u00f6nnen. Sie k\u00f6nnen dar\u00fcber hinaus die Erfassung der durch das Cookie erzeugten und auf Ihre Nutzung der Webseite bezogenen Daten (inkl. Ihrer IP-Adresse) an Google sowie die Verarbeitung dieser Daten durch Google verhindern, indem Sie das unter diesem Link verf\u00fcgbare Browser-Plugin herunterladen und installieren. Ich weise darauf hin, dass auf dieser Website Google Analytics um den Code \u201egat._anonymizeIp();\u201c erweitert wurde, um eine anonymisierte Erfassung von IP-Adressen (sog. IP-Masking) zu gew\u00e4hrleisten. Zudem k\u00f6nnen Sie eine Erfassung von Google Analytics durch einen Klick auf den folgenden Link verhindern. Es wird sodann ein Opt-out-Cookie gesetzt, der die weitere Erfassung Ihrer Daten beim Besuch dieser Website verhindert. Dieses Vorgehen empfiehlt sich insbesondere bei einem Zugriff auf meine Seite \u00fcber mobile Endger\u00e4te. N\u00e4here Informationen zu Nutzungsbedingungen und Datenschutz finden Sie unter\u00a0www.google.com\/analytics\/terms\/de.html\u00a0bzw. unter\u00a0http:\/\/www.google.com\/intl\/de\/analyt\u2026yoverview.html.<br \/>\nIch st\u00fctze den Einsatz des vorgenannten Analyse-Tools auf Art. 6 Abs. 1 lit. f) DSGVO: Die Verarbeitung erfolgt zur Analyse des Nutzungsverhaltens und ist daher zur Wahrung meiner berechtigten Interessen erforderlich.<\/p>\n<p>6. Social Plugins<br \/>\nIch setze auf meiner Website auf Grundlage des Art. 6 Abs. 1 lit. f) DSGVO Social Plugins des sozialen Netzwerks Facebook ein. Der dahinterstehende werbliche Zweck ist als berechtigtes Interesse im Sinne der DSGVO anzusehen. Die Verantwortung f\u00fcr den datenschutzkonformen Betrieb ist durch deren jeweiligen Anbieter zu gew\u00e4hrleisten. Die Einbindung dieser Plugins durch mich erfolgt im Wege der sogenannten Zwei-Klick-Methode, um Besucher meiner Website bestm\u00f6glich zu sch\u00fctzen.<br \/>\nAuf meiner Website kommen Social-Media Plugins von Facebook zum Einsatz, um die Nutzung pers\u00f6nlicher zu gestalten. Hierf\u00fcr nutze ich den \u201eLIKE\u201c und \u201eTEILEN\u201c-Button. Es handelt sich dabei um ein Angebot von Facebook. Wenn Sie eine Seite meines Webauftritts aufrufen, die ein solches Plugin enth\u00e4lt, baut Ihr Browser eine direkte Verbindung mit den Servern von Facebook auf. Der Inhalt des Plugins wird von Facebook direkt an Ihren Browser \u00fcbermittelt und von diesem in die Webseite eingebunden.<br \/>\nDurch die Einbindung der Plugins erh\u00e4lt Facebook die Information, dass Ihr Browser die entsprechende Seite meines Webauftritts aufgerufen hat, auch wenn Sie kein Facebook-Konto besitzen oder gerade nicht bei Facebook eingeloggt sind. Diese Information (einschlie\u00dflich Ihrer IP-Adresse) wird von Ihrem Browser direkt an einen Server von Facebook in den USA \u00fcbermittelt und dort gespeichert.<br \/>\nSind Sie bei Facebook eingeloggt, kann Facebook den Besuch meiner Website Ihrem Facebook-Konto direkt zuordnen. Wenn Sie mit den Plugins interagieren, zum Beispiel den \u201eLIKE\u201c oder \u201eTEILEN\u201c-Button bet\u00e4tigen, wird die entsprechende Information ebenfalls direkt an einen Server von Facebook \u00fcbermittelt und dort gespeichert. Die Informationen werden zudem auf Facebook ver\u00f6ffentlicht und Ihren Facebook-Freunden angezeigt.<br \/>\nFacebook kann diese Informationen zum Zwecke der Werbung, Marktforschung und bedarfsgerechten Gestaltung der Facebook-Seiten benutzen. Hierzu werden von Facebook Nutzungs-, Interessen- und Beziehungsprofile erstellt, z. B. um Ihre Nutzung meiner Website im Hinblick auf die Ihnen bei Facebook eingeblendeten Werbeanzeigen auszuwerten, andere Facebook-Nutzer \u00fcber Ihre Aktivit\u00e4ten auf meiner Website zu informieren und um weitere mit der Nutzung von Facebook verbundene Dienstleistungen zu erbringen.<br \/>\nWenn Sie nicht m\u00f6chten, dass Facebook die \u00fcber meinen Webauftritt gesammelten Daten Ihrem Facebook-Konto zuordnet, m\u00fcssen Sie sich vor Ihrem Besuch meiner Website bei Facebook ausloggen.<br \/>\nZweck und Umfang der Datenerhebung und die weitere Verarbeitung und Nutzung der Daten durch Facebook sowie Ihre diesbez\u00fcglichen Rechte und Einstellungsm\u00f6glichkeiten zum Schutz Ihrer Privatsph\u00e4re entnehmen Sie bitte den Datenschutzhinweisen (https:\/\/www.facebook.com\/about\/privacy\/) von Facebook.<br \/>\nDie an Facebook \u00fcbermittelten Daten sind f\u00fcr mich nicht sichtbar. Ich kann auch nicht auswerten, welcher Facebook-Nutzer meine Website besucht hat.<\/p>\n<p>7. Ihre Rechte<br \/>\nIhnen stehen die nachfolgenden Betroffenenrechte zu:<br \/>\na) Auskunftsrecht: Sie haben das Recht, von mir eine Best\u00e4tigung dar\u00fcber zu verlangen, ob ich personenbezogene Daten von Ihnen verarbeite.<br \/>\nb) Berichtigung\/L\u00f6schung\/Einschr\u00e4nkung der Verarbeitung: Weiter haben Sie das Recht, von mir zu verlangen, dass<br \/>\n\u2022 unrichtige personenbezogene Daten von Ihnen unverz\u00fcglich berichtigt werden (Recht auf Berichtigung),<br \/>\n\u2022 personenbezogene Daten von Ihnen unverz\u00fcglich gel\u00f6scht werden (Recht auf L\u00f6schung) und<br \/>\n\u2022 die Verarbeitung eingeschr\u00e4nkt wird (Recht auf Einschr\u00e4nken der Verarbeitung).<br \/>\nc) Recht auf Daten\u00fcbertragbarkeit: Sie haben das Recht, personenbezogene Daten von Ihnen, die Sie mir bereitgestellt haben, in einem strukturierten, g\u00e4ngigen und maschinenlesbaren Format zu erhalten und diese Daten einem anderen Verantwortlichen zu \u00fcbermitteln.<br \/>\nd) Widerrufsrecht: Sie haben das Recht, Ihre Einwilligung jederzeit zu widerrufen. Durch den Widerruf der Einwilligung wird die Rechtm\u00e4\u00dfigkeit der auf Grund der Einwilligung bis zum Widerruf erfolgten Verarbeitung nicht ber\u00fchrt.<br \/>\ne) Widerspruchsrecht: Ist die Verarbeitung personenbezogener Daten von Ihnen f\u00fcr die Wahrnehmung einer Aufgabe, die der Wahrung meiner berechtigten Interessen (Art. 6 Abs. 1 lit. f) DSGVO) erforderlich, steht Ihnen ein Widerspruchsrecht zu.<br \/>\nf) Beschwerderecht: Sind Sie der Ansicht, dass die Verarbeitung Ihrer personenbezogenen Daten gegen die DSGVO verst\u00f6\u00dft, haben Sie unbeschadet anderweitiger Rechtsbehelfe das Recht auf Beschwerde bei einer Aufsichtsbeh\u00f6rde.<\/p>\n","protected":false},"excerpt":{"rendered":"<p>TurnierService Thomas T\u00f6pfer Schulplatz 1 50170 Kerpen @-Mail: tt@turnierservice.de Telefon 02275-2490133 Disclaimer: Copyright 2026. Alle Rechte vorbehalten. Alle Texte, Bilder, Graphiken, Ton-, Video- und Animationsdateien sowie ihre Arrangements unterliegen dem Urheberrecht und anderen Gesetzen zum Schutz geistigen Eigentums. Sie d\u00fcrfen weder f\u00fcr Handelszwecke oder zur Weitergabe kopiert, noch ver\u00e4ndert und auf anderen Web-Sites verwendet werden. [&hellip;]<\/p>\n","protected":false},"author":1,"featured_media":0,"parent":0,"menu_order":6,"comment_status":"closed","ping_status":"open","template":"","meta":{"footnotes":""},"class_list":["post-115","page","type-page","status-publish","hentry"],"_links":{"self":[{"href":"https:\/\/news.meldestelle.de\/index.php?rest_route=\/wp\/v2\/pages\/115","targetHints":{"allow":["GET"]}}],"collection":[{"href":"https:\/\/news.meldestelle.de\/index.php?rest_route=\/wp\/v2\/pages"}],"about":[{"href":"https:\/\/news.meldestelle.de\/index.php?rest_route=\/wp\/v2\/types\/page"}],"author":[{"embeddable":true,"href":"https:\/\/news.meldestelle.de\/index.php?rest_route=\/wp\/v2\/users\/1"}],"replies":[{"embeddable":true,"href":"https:\/\/news.meldestelle.de\/index.php?rest_route=%2Fwp%2Fv2%2Fcomments&post=115"}],"version-history":[{"count":6,"href":"https:\/\/news.meldestelle.de\/index.php?rest_route=\/wp\/v2\/pages\/115\/revisions"}],"predecessor-version":[{"id":177755,"href":"https:\/\/news.meldestelle.de\/index.php?rest_route=\/wp\/v2\/pages\/115\/revisions\/177755"}],"wp:attachment":[{"href":"https:\/\/news.meldestelle.de\/index.php?rest_route=%2Fwp%2Fv2%2Fmedia&parent=115"}],"curies":[{"name":"wp","href":"https:\/\/api.w.org\/{rel}","templated":true}]}}